{"id":31579,"date":"2026-05-15T09:05:21","date_gmt":"2026-05-15T07:05:21","guid":{"rendered":"https:\/\/oravskapriehrada.sk\/ciasteczka\/"},"modified":"2026-05-15T09:12:25","modified_gmt":"2026-05-15T07:12:25","slug":"ciasteczka","status":"publish","type":"page","link":"https:\/\/oravskapriehrada.sk\/pl\/ciasteczka\/","title":{"rendered":"Ciasteczka"},"content":{"rendered":"\t\t<div data-elementor-type=\"wp-page\" data-elementor-id=\"31579\" class=\"elementor elementor-31579 elementor-31568\" data-elementor-post-type=\"page\">\n\t\t\t\t<div class=\"wd-negative-gap elementor-element elementor-element-b1de4cb e-flex e-con-boxed e-con e-parent\" data-id=\"b1de4cb\" data-element_type=\"container\" data-e-type=\"container\">\n\t\t\t\t\t<div class=\"e-con-inner\">\n\t\t\t\t<div class=\"elementor-element elementor-element-ee2c10c elementor-widget elementor-widget-html\" data-id=\"ee2c10c\" data-element_type=\"widget\" data-e-type=\"widget\" data-widget_type=\"html.default\">\n\t\t\t\t\t<!-- Start CookieYes cookie policy -->\n<style>\n  a.cky-banner-element {\n    padding: 8px 30px;\n    background: #f8f9fa;\n    color: #858a8f;\n    border: 1px solid #dee2e6;\n    box-sizing: border-box;\n    border-radius: 2px;\n    cursor: pointer\n  }\n<\/style>\n<h1 class=\"cookie-policy-h1\">Zasady korzystania z plik\u00f3w cookie<\/h1>\n<div class=\"cookie-policy-date-container\">\n  <p>Data wej\u015bcia w \u017cycie: 15 maja 2026 <\/p>\n  <p>Ostatnia aktualizacja: 15 maja 2026 <\/p>\n<\/div>&nbsp;<h2>Czym s\u0105 pliki cookie?<\/h2>\n<div class=\"cookie-policy-p\">\n  <p>Te Zasady korzystania z plik\u00f3w cookie wyja\u015bniaj\u0105, czym s\u0105 pliki cookie, jak ich u\u017cywamy, jakie rodzaje plik\u00f3w cookie stosujemy (tj. jakie informacje zbieramy za pomoc\u0105 plik\u00f3w cookie i jak je wykorzystujemy) oraz jak zarz\u0105dza\u0107 ustawieniami plik\u00f3w cookie.<\/p>\n  <p>Pliki cookie to ma\u0142e pliki tekstowe s\u0142u\u017c\u0105ce do przechowywania niewielkich porcji informacji. S\u0105 zapisywane na Twoim urz\u0105dzeniu, gdy strona internetowa \u0142aduje si\u0119 w przegl\u0105darce. Te pliki cookie pomagaj\u0105 zapewni\u0107 prawid\u0142owe dzia\u0142anie strony, zwi\u0119kszaj\u0105 bezpiecze\u0144stwo, zapewniaj\u0105 lepsze do\u015bwiadczenie u\u017cytkownika oraz analizuj\u0105 wydajno\u015b\u0107, aby\u015bmy mogli sprawdzi\u0107, co dzia\u0142a dobrze, a gdzie potrzebne s\u0105 ulepszenia.  <\/p>\n<\/div>&nbsp;<h2>Jak u\u017cywamy plik\u00f3w cookie?<\/h2>\n<div class=\"cookie-policy-p\">\n  <p>Podobnie jak wi\u0119kszo\u015b\u0107 us\u0142ug online, nasza strona internetowa u\u017cywa zar\u00f3wno w\u0142asnych plik\u00f3w cookie, jak i plik\u00f3w cookie stron trzecich w r\u00f3\u017cnych celach. W\u0142asne pliki cookie s\u0105 przede wszystkim niezb\u0119dne do prawid\u0142owego dzia\u0142ania strony i nie zbieraj\u0105 \u017cadnych danych umo\u017cliwiaj\u0105cych identyfikacj\u0119 osoby. <\/p>\n  <p>Pliki cookie stron trzecich u\u017cywane na naszej stronie pomagaj\u0105 nam przede wszystkim zrozumie\u0107, jak dzia\u0142a strona, \u015bledzi\u0107 Twoje interakcje z ni\u0105, dba\u0107 o bezpiecze\u0144stwo naszych us\u0142ug, wy\u015bwietla\u0107 trafne reklamy oraz poprawia\u0107 Twoje og\u00f3lne do\u015bwiadczenie u\u017cytkownika, a tak\u017ce szybko\u015b\u0107 przysz\u0142ych interakcji z nasz\u0105 stron\u0105 internetow\u0105.<\/p>\n<\/div>&nbsp;<h2>Rodzaje plik\u00f3w cookie, kt\u00f3rych u\u017cywamy<\/h2>\n<div class=\"cky-audit-table-element\"><\/div>&nbsp;<h2 style=\"margin-bottom: 20px\">Zarz\u0105dzaj preferencjami plik\u00f3w cookie<\/h2><a class=\"cky-banner-element\">Preferencje zgody<\/a><br><div>\n  <p>Ustawienia plik\u00f3w cookie mo\u017cesz w ka\u017cdej chwili zmieni\u0107, klikaj\u0105c powy\u017cej przycisk \u201ePreferencje zgody\u201d. Pozwoli Ci to ponownie wy\u015bwietli\u0107 baner zgody na pliki cookie i zaktualizowa\u0107 preferencje lub natychmiast wycofa\u0107 zgod\u0119. <\/p>\n  <p>Ponadto r\u00f3\u017cne przegl\u0105darki oferuj\u0105 r\u00f3\u017cne sposoby blokowania i usuwania plik\u00f3w cookie u\u017cywanych przez strony internetowe. Mo\u017cesz zmieni\u0107 ustawienia przegl\u0105darki, aby blokowa\u0142a lub usuwa\u0142a pliki cookie. Poni\u017cej znajdziesz linki do dokument\u00f3w pomocy dotycz\u0105cych zarz\u0105dzania i usuwania plik\u00f3w cookie w g\u0142\u00f3wnych przegl\u0105darkach internetowych.  <\/p>\n  <p>Chrome: <a target=\"_blank\" rel=\"noopener noreferrer\" href=\"https:\/\/support.google.com\/accounts\/answer\/32050\">https:\/\/support.google.com\/accounts\/answer\/32050<\/a><\/p>\n  <p>Safari: <a target=\"_blank\" rel=\"noopener noreferrer\" href=\"https:\/\/support.apple.com\/en-in\/guide\/safari\/sfri11471\/mac\">https:\/\/support.apple.com\/en-in\/guide\/safari\/sfri11471\/mac<\/a><\/p>\n  <p>Firefox: <a target=\"_blank\" rel=\"noopener noreferrer\" href=\"https:\/\/support.mozilla.org\/en-US\/kb\/clear-cookies-and-site-data-firefox?redirectslug=delete-cookies-remove-info-websites-stored&amp;redirectlocale=en-US\">https:\/\/support.mozilla.org\/en-US\/kb\/clear-cookies-and-site-data-firefox?redirectslug=delete-cookies-remove-info-websites-stored&amp;redirectlocale=en-US<\/a><\/p>\n  <p>Internet Explorer: <a target=\"_blank\" rel=\"noopener noreferrer\" href=\"https:\/\/support.microsoft.com\/en-us\/topic\/how-to-delete-cookie-files-in-internet-explorer-bca9446f-d873-78de-77ba-d42645fa52fc\">https:\/\/support.microsoft.com\/en-us\/topic\/how-to-delete-cookie-files-in-internet-explorer-bca9446f-d873-78de-77ba-d42645fa52fc<\/a><\/p>\n  <p>Je\u015bli u\u017cywasz innej przegl\u0105darki internetowej, sprawd\u017a jej oficjaln\u0105 dokumentacj\u0119 pomocy.<\/p>\n<\/div>&nbsp;<p class=\"cookie-policy-p\">  Zasady plik\u00f3w cookie wygenerowane za pomoc\u0105 <a target=\"_blank\" rel=\"noopener noreferrer\" href=\"https:\/\/www.cookieyes.com\/?utm_source=CP&amp;utm_medium=footer&amp;utm_campaign=UW\">CookieYes - generator zasad plik\u00f3w cookie<\/a><\/p>\n<!-- End CookieYes cookie policy -->\t\t\t\t<\/div>\n\t\t\t\t\t<\/div>\n\t\t\t\t<\/div>\n\t\t\t\t<\/div>\n\t\t","protected":false},"excerpt":{"rendered":"<p>Zasady korzystania z plik\u00f3w cookie Data wej\u015bcia w \u017cycie: 15 maja 2026 Ostatnia aktualizacja: 15 maja 2026 &nbsp; Czym s\u0105<\/p>\n","protected":false},"author":1,"featured_media":0,"parent":0,"menu_order":0,"comment_status":"closed","ping_status":"closed","template":"","meta":{"footnotes":""},"class_list":["post-31579","page","type-page","status-publish","hentry"],"_links":{"self":[{"href":"https:\/\/oravskapriehrada.sk\/pl\/wp-json\/wp\/v2\/pages\/31579","targetHints":{"allow":["GET"]}}],"collection":[{"href":"https:\/\/oravskapriehrada.sk\/pl\/wp-json\/wp\/v2\/pages"}],"about":[{"href":"https:\/\/oravskapriehrada.sk\/pl\/wp-json\/wp\/v2\/types\/page"}],"author":[{"embeddable":true,"href":"https:\/\/oravskapriehrada.sk\/pl\/wp-json\/wp\/v2\/users\/1"}],"replies":[{"embeddable":true,"href":"https:\/\/oravskapriehrada.sk\/pl\/wp-json\/wp\/v2\/comments?post=31579"}],"version-history":[{"count":1,"href":"https:\/\/oravskapriehrada.sk\/pl\/wp-json\/wp\/v2\/pages\/31579\/revisions"}],"predecessor-version":[{"id":31580,"href":"https:\/\/oravskapriehrada.sk\/pl\/wp-json\/wp\/v2\/pages\/31579\/revisions\/31580"}],"wp:attachment":[{"href":"https:\/\/oravskapriehrada.sk\/pl\/wp-json\/wp\/v2\/media?parent=31579"}],"curies":[{"name":"wp","href":"https:\/\/api.w.org\/{rel}","templated":true}]}}