{"id":31585,"date":"2026-05-15T09:09:27","date_gmt":"2026-05-15T07:09:27","guid":{"rendered":"https:\/\/oravskapriehrada.sk\/polityka-prywatnosci\/"},"modified":"2026-05-15T09:12:41","modified_gmt":"2026-05-15T07:12:41","slug":"polityka-prywatnosci","status":"publish","type":"page","link":"https:\/\/oravskapriehrada.sk\/pl\/polityka-prywatnosci\/","title":{"rendered":"Polityka prywatno\u015bci"},"content":{"rendered":"\t\t<div data-elementor-type=\"wp-page\" data-elementor-id=\"31585\" class=\"elementor elementor-31585 elementor-31573\" data-elementor-post-type=\"page\">\n\t\t\t\t<div class=\"wd-negative-gap elementor-element elementor-element-b1de4cb e-flex e-con-boxed e-con e-parent\" data-id=\"b1de4cb\" data-element_type=\"container\" data-e-type=\"container\">\n\t\t\t\t\t<div class=\"e-con-inner\">\n\t\t\t\t<div class=\"elementor-element elementor-element-ee2c10c elementor-widget elementor-widget-html\" data-id=\"ee2c10c\" data-element_type=\"widget\" data-e-type=\"widget\" data-widget_type=\"html.default\">\n\t\t\t\t\t<h1 class=\"privacy-policy-h1\">Polityka prywatno\u015bci\n<br><span>Ostatnia aktualizacja: 15 maja 2026<\/span>\n<br><span>Data wej\u015bcia w \u017cycie: 15 maja 2026<\/span>\n<\/h1>\n\n<p class=\"privacy-policy-p\">\n Niniejsza Polityka prywatno\u015bci opisuje zasady firmy\n\n Peter Hnoj\u010d\u00edk,\n R\u00ednok 1\/3,\n \u017bylina\n 029 51,\n S\u0142owacja,\n e-mail: cookieyes@oravskapriehrada.sk,\n telefon: +421905212995\n\n w zakresie gromadzenia, wykorzystywania i ujawniania informacji, kt\u00f3re zbieramy\n podczas korzystania z naszej strony internetowej (https:\/\/oravskapriehrada.sk).\n (dalej \u201eUs\u0142uga\u201d). Uzyskuj\u0105c dost\u0119p do Us\u0142ugi lub korzystaj\u0105c z niej,\n wyra\u017casz zgod\u0119 na gromadzenie, wykorzystywanie i\n ujawnianie Twoich informacji zgodnie z niniejsz\u0105\n Polityk\u0105 prywatno\u015bci. Je\u015bli si\u0119 na to nie zgadzasz,\n prosimy o niekorzystanie z Us\u0142ugi i nieuzyskiwanie do niej dost\u0119pu.  \n<\/p>\n\n<p class=\"privacy-policy-p\">\n Mo\u017cemy zmieni\u0107 niniejsz\u0105 Polityk\u0119 prywatno\u015bci w dowolnym momencie\n bez uprzedniego powiadomienia, a zmieniona Polityka\n zostanie opublikowana w Us\u0142udze. Zmieniona Polityka wejdzie\n w \u017cycie 180 dni od jej opublikowania w Us\u0142udze, a Tw\u00f3j\n dalszy dost\u0119p do Us\u0142ugi lub korzystanie z niej po up\u0142ywie tego terminu\n b\u0119dzie oznacza\u0107 akceptacj\u0119 zmienionej Polityki\n prywatno\u015bci. Dlatego zalecamy regularne sprawdzanie\n tej strony.  \n<\/p>\n\n<ol class=\"privacy-policy-ol\">\n        <li>\n        <h2 class=\"privacy-policy-h2\">\n Informacje, kt\u00f3re zbieramy:\n        <\/h2>\n\n        \n        <p class=\"privacy-policy-p\">\n B\u0119dziemy zbiera\u0107 i przetwarza\u0107 nast\u0119puj\u0105ce\n dane osobowe:\n        <\/p>\n        <ol class=\"privacy-policy-ol\">\n\n                        <li>Imi\u0119 i nazwisko<\/li>\n            \n                        <li>E-mail<\/li>\n            \n                        <li>Telefon kom\u00f3rkowy<\/li>\n            \n            \n            \n                        <li>Adres<\/li>\n            \n            \n                        \n                                    \n        <\/ol>\n        \n\n        \n\n    <\/li>\n\n    \n    \n\n        <li>\n        <h2 class=\"privacy-policy-h2\">\n Jak wykorzystujemy Twoje informacje:\n        <\/h2>\n        <p class=\"privacy-policy-p\">\n Informacje, kt\u00f3re o Tobie zbieramy, b\u0119dziemy wykorzystywa\u0107\n w nast\u0119puj\u0105cych celach:\n        <\/p>\n        <ol class=\"privacy-policy-ol\">\n\n            \n            \n            \n            \n            \n            \n            \n            \n            \n                        <li>Zarz\u0105dzanie zam\u00f3wieniami klient\u00f3w<\/li>\n            \n            \n            \n            \n            \n        <\/ol>\n        <p class=\"privacy-policy-p\">\n Je\u015bli b\u0119dziemy chcieli wykorzysta\u0107 Twoje informacje w jakimkolwiek innym\n celu, poprosimy Ci\u0119 o zgod\u0119 i wykorzystamy Twoje informacje\n wy\u0142\u0105cznie po jej uzyskaniu, i tylko w celu(ach), na kt\u00f3ry(e) zgoda zosta\u0142a\n udzielona, chyba \u017ce prawo stanowi inaczej.\n        <\/p>\n    <\/li>\n    \n    \n    <li>\n        <h2 class=\"privacy-policy-h2\">\n Jak udost\u0119pniamy Twoje informacje:\n        <\/h2>\n\n\n                <p class=\"privacy-policy-p\">\n Nie przeka\u017cemy Twoich danych osobowych \u017cadnej stronie trzeciej\n bez Twojej zgody, z wyj\u0105tkiem ograniczonych okoliczno\u015bci\n opisanych poni\u017cej:\n        <\/p>\n        <ol class=\"privacy-policy-ol\">\n                        <li>Us\u0142ugi reklamowe<\/li>\n            \n            \n            \n            \n                        <li>Analityka<\/li>\n            \n            \n                    <\/ol>\n        \n        <p class=\"privacy-policy-p\">\n Wymagamy od takich stron trzecich, aby dane osobowe,\n kt\u00f3re im przekazujemy, by\u0142y wykorzystywane wy\u0142\u0105cznie w celu, w jakim zosta\u0142y\n przekazane, i nie by\u0142y przechowywane d\u0142u\u017cej, ni\u017c jest to konieczne\n do spe\u0142nienia wskazanego celu.\n        <\/p>\n        <p class=\"privacy-policy-p\">\n Mo\u017cemy r\u00f3wnie\u017c ujawni\u0107 Twoje dane osobowe w nast\u0119puj\u0105cych\n przypadkach: (1) w celu spe\u0142nienia wymog\u00f3w obowi\u0105zuj\u0105cych przepis\u00f3w prawa,\n regulacji, nakaz\u00f3w s\u0105dowych lub innych proces\u00f3w prawnych;\n (2) w celu egzekwowania Twoich um\u00f3w z nami, w tym niniejszej\n Polityki prywatno\u015bci; lub (3) w odpowiedzi na\n twierdzenia, \u017ce korzystanie przez Ciebie z Us\u0142ugi narusza prawa os\u00f3b\n trzecich. W przypadku po\u0142\u0105czenia lub przej\u0119cia Us\u0142ugi lub\n naszej firmy przez inn\u0105 firm\u0119, Twoje informacje\n b\u0119d\u0105 jednym z aktyw\u00f3w przekazanych nowemu w\u0142a\u015bcicielowi. \n        <\/p>\n    <\/li>\n    \n\n        <li>\n        <h2 class=\"privacy-policy-h2\">\n Przechowywanie Twoich informacji:\n        <\/h2>\n        <p class=\"privacy-policy-p\">\n B\u0119dziemy przechowywa\u0107 Twoje dane osobowe\n przez okres od 90 dni do 2 lat po zako\u0144czeniu konta u\u017cytkownika,\n lub tak d\u0142ugo, jak b\u0119d\u0105 nam potrzebne do spe\u0142nienia cel\u00f3w,\n dla kt\u00f3rych zosta\u0142y zebrane, zgodnie ze szczeg\u00f3\u0142ami zawartymi\n w niniejszej Polityce prywatno\u015bci. Niekt\u00f3re\n informacje mo\u017cemy potrzebowa\u0107 przechowywa\u0107 d\u0142u\u017cej, na przyk\u0142ad\n w celach prowadzenia dokumentacji\/raportowania zgodnie\n z obowi\u0105zuj\u0105cymi przepisami prawa lub z innych uzasadnionych powod\u00f3w,\n takich jak dochodzenie roszcze\u0144 prawnych, zapobieganie oszustwom\n itp. Pozosta\u0142e anonimowe informacje i zagregowane\n informacje, kt\u00f3re Ci\u0119 nie identyfikuj\u0105 (bezpo\u015brednio ani po\u015brednio),\n mog\u0105 by\u0107 przechowywane bezterminowo.  \n        <\/p>\n    <\/li>\n    \n    <li>\n        <h2 class=\"privacy-policy-h2\">\n Twoje prawa:\n        <\/h2>\n        <p class=\"privacy-policy-p\">\n W zale\u017cno\u015bci od obowi\u0105zuj\u0105cego prawa mo\u017cesz mie\u0107 prawo dost\u0119pu\n do swoich danych osobowych i ich poprawiania lub usuwania,\n lub uzyskania kopii swoich danych osobowych, ograniczenia\n lub sprzeciwu wobec aktywnego przetwarzania Twoich danych,\n \u017c\u0105dania przeniesienia (przenoszalno\u015bci) Twoich danych\n osobowych do innej jednostki, wycofania wszelkich zg\u00f3d,\n kt\u00f3re nam udzieli\u0142e\u015b na przetwarzanie Twoich danych, prawa\n do z\u0142o\u017cenia skargi do w\u0142a\u015bciwego organu nadzorczego oraz innych praw,\n kt\u00f3re mog\u0105 by\u0107 istotne zgodnie z obowi\u0105zuj\u0105cymi przepisami.\n Aby skorzysta\u0107 z tych praw, mo\u017cesz napisa\u0107 do nas na adres\n cookieyes@oravskapriehrada.sk.\n Odpowiemy na Twoje \u017c\u0105danie zgodnie z obowi\u0105zuj\u0105cymi przepisami.\n        <\/p>\n\n        \n        <p class=\"privacy-policy-p\">\n Zwracamy uwag\u0119, \u017ce je\u015bli nie zezwolisz nam na zbieranie lub\n przetwarzanie wymaganych danych osobowych, lub wycofasz\n zgod\u0119 na ich przetwarzanie w wymaganych celach, mo\u017cliwe jest,\n \u017ce nie b\u0119dziesz m\u00f3g\u0142\/mog\u0142a korzysta\u0107 z us\u0142ug, do kt\u00f3rych\n Twoje informacje by\u0142y wymagane.\n        <\/p>\n    <\/li>\n        <li>\n        <h2 class=\"privacy-policy-h2\">\n Pliki cookie i inne:\n        <\/h2>\n        <p class=\"privacy-policy-p\">\n\n            \n Aby dowiedzie\u0107 si\u0119 wi\u0119cej o tym, jak u\u017cywamy tych\n technologii i o Twoich mo\u017cliwo\u015bciach\n w zwi\u0105zku z nimi, zapoznaj si\u0119 z nasz\u0105\n            <a href=\"https:\/\/oravskapriehrada.sk\/pl\/ciasteczka\/\">Polityk\u0105 plik\u00f3w cookie.<\/a>\n        <\/p>\n    <\/li>\n    \n    <li>\n        <h2 class=\"privacy-policy-h2\">\n Bezpiecze\u0144stwo:\n        <\/h2>\n        <p class=\"privacy-policy-p\">\n Bezpiecze\u0144stwo Twoich informacji jest dla nas wa\u017cne\n i zastosujemy rozs\u0105dne \u015brodki bezpiecze\u0144stwa, aby\n zapobiec utracie, niew\u0142a\u015bciwemu u\u017cyciu lub nieuprawnionej\n zmianie Twoich informacji, kt\u00f3re posiadamy. \n Jednak ze wzgl\u0119du na nieod\u0142\u0105czne ryzyko nie mo\u017cemy zagwarantowa\u0107\n absolutnego bezpiecze\u0144stwa, dlatego nie mo\u017cemy zapewni\u0107\n ani zagwarantowa\u0107 bezpiecze\u0144stwa \u017cadnych informacji,\n kt\u00f3re nam przekazujesz, a robisz to na w\u0142asne ryzyko.\n        <\/p>\n    <\/li>\n\n    \n    <li>\n        <h2 class=\"privacy-policy-h2\">\n Osoba odpowiedzialna \/ Inspektor ochrony danych:\n        <\/h2>\n        <p class=\"privacy-policy-p\">\n Je\u015bli masz jakiekolwiek pytania lub obawy dotycz\u0105ce\n przetwarzania Twoich informacji, kt\u00f3re posiadamy,\n mo\u017cesz napisa\u0107 do naszego odpowiedzialnego urz\u0119dnika na adres\n Peter Hnoj\u010d\u00edk,\n R\u00ednok 1\/3 029 51, Lokca,\n e-mail: cookieyes@oravskapriehrada.sk.\n Twoimi obawami zajmiemy si\u0119 zgodnie z obowi\u0105zuj\u0105cym prawem.\n        <\/p>\n    <\/li>\n<\/ol>\n<p class=\"privacy-policy-p\">\n Polityka prywatno\u015bci wygenerowana za pomoc\u0105 <a target=\"_blank\" href=\"https:\/\/www.cookieyes.com\/?utm_source=PP&amp;utm_medium=footer&amp;utm_campaign=UW\" rel=\"noopener\">CookieYes<\/a>.\n<\/p>\t\t\t\t<\/div>\n\t\t\t\t\t<\/div>\n\t\t\t\t<\/div>\n\t\t\t\t<\/div>\n\t\t","protected":false},"excerpt":{"rendered":"<p>Polityka prywatno\u015bci Ostatnia aktualizacja: 15 maja 2026 Data wej\u015bcia w \u017cycie: 15 maja 2026 Niniejsza Polityka prywatno\u015bci opisuje zasady firmy<\/p>\n","protected":false},"author":1,"featured_media":0,"parent":0,"menu_order":0,"comment_status":"closed","ping_status":"closed","template":"","meta":{"footnotes":""},"class_list":["post-31585","page","type-page","status-publish","hentry"],"_links":{"self":[{"href":"https:\/\/oravskapriehrada.sk\/pl\/wp-json\/wp\/v2\/pages\/31585","targetHints":{"allow":["GET"]}}],"collection":[{"href":"https:\/\/oravskapriehrada.sk\/pl\/wp-json\/wp\/v2\/pages"}],"about":[{"href":"https:\/\/oravskapriehrada.sk\/pl\/wp-json\/wp\/v2\/types\/page"}],"author":[{"embeddable":true,"href":"https:\/\/oravskapriehrada.sk\/pl\/wp-json\/wp\/v2\/users\/1"}],"replies":[{"embeddable":true,"href":"https:\/\/oravskapriehrada.sk\/pl\/wp-json\/wp\/v2\/comments?post=31585"}],"version-history":[{"count":1,"href":"https:\/\/oravskapriehrada.sk\/pl\/wp-json\/wp\/v2\/pages\/31585\/revisions"}],"predecessor-version":[{"id":31586,"href":"https:\/\/oravskapriehrada.sk\/pl\/wp-json\/wp\/v2\/pages\/31585\/revisions\/31586"}],"wp:attachment":[{"href":"https:\/\/oravskapriehrada.sk\/pl\/wp-json\/wp\/v2\/media?parent=31585"}],"curies":[{"name":"wp","href":"https:\/\/api.w.org\/{rel}","templated":true}]}}